{"id":15,"date":"2024-09-09T06:48:13","date_gmt":"2024-09-09T06:48:13","guid":{"rendered":"https:\/\/akademiadlaciebie.pl\/?page_id=15"},"modified":"2026-02-28T07:15:30","modified_gmt":"2026-02-28T07:15:30","slug":"oferta","status":"publish","type":"page","link":"https:\/\/akademiadlaciebie.pl\/?page_id=15","title":{"rendered":"Oferta"},"content":{"rendered":"\n<h2 class=\"wp-block-heading\">Oferta<\/h2>\n\n\n\n<p><strong>Najbli\u017cszy kurs rozpoczyna si\u0119 16 marca 2026 o godz. 18.30 Oferujemy 10% zni\u017cki dla tych co zapisz\u0105 si\u0119 w dwie osoby.\u00a0<\/strong><strong>Czas trwania kursu:<\/strong>\u00a0dzia\u0142amy semestrami\u00a0<strong>raz w tygodniu, 90 minut (1,5 godziny), oko\u0142o 20 spotka\u0144<\/strong><strong>.<\/strong>\u00a0Podczas trwania kursu pr\u00f3cz co tygodniowych zaj\u0119\u0107 odbywaj\u0105 si\u0119 co najmniej trzy wcze\u015bniej ustalone wyjazdowe plenery. Ka\u017cde zaj\u0119cia fotograficzne to przede wszystkim praktyka i nieustanne \u0107wiczenia tylko one mog\u0105 zagwarantowa\u0107 zrozumienie poszczeg\u00f3lnych temat\u00f3w.<\/p>\n\n\n\n<p><strong>Koszt kursu fotografii cyfrowej:<\/strong><\/p>\n\n\n\n<ul class=\"wp-block-list\">\n<li>\n<ul class=\"wp-block-list\">\n<li>1200z\u0142 za ca\u0142y kurs przy op\u0142acie jednorazowej,<\/li>\n<\/ul>\n<\/li>\n\n\n\n<li>\n<ul class=\"wp-block-list\">\n<li>2 x 650 z\u0142 przy op\u0142acie w dw\u00f3ch ratach,<\/li>\n<\/ul>\n<\/li>\n\n\n\n<li>\n<ul class=\"wp-block-list\">\n<li>4 x 350 z\u0142 przy op\u0142acie w czterech ratach.<\/li>\n<\/ul>\n<\/li>\n<\/ul>\n\n\n\n<p><strong>Prowadz\u0105cy:<\/strong>&nbsp;Pawe\u0142 Sulatycki, Jaros\u0142aw Dul\u0119ba, Ma\u0142gorzata Chomont, <\/p>\n\n\n\n<p>Par\u0119 s\u0142\u00f3w o konkurencji. Przegl\u0105daj\u0105c strony internetowe lokalne i nie tylko, cz\u0119sto mo\u017cna spotka\u0107 kilkugodzinne kursy fotografii lub weekendowe kursy. Czy warto wybiera\u0107 takie kursy? A czy mo\u017cna si\u0119 nauczy\u0107 j\u0119zyka obcego w jeden dzie\u0144? Jeden dzie\u0144 to dobry czas \u017ceby po\u0107wiczy\u0107 nad jednym tematem np. portretem, prac\u0119 z&nbsp;Lightroomem lub \u017ceby zrozumie\u0107 g\u0142\u0119bie ostro\u015bci i to wszystko. Warto te\u017c dowiedzie\u0107 si\u0119 kto konkretnie prowadzi zaj\u0119cia cz\u0119sto ci\u0119\u017cko znale\u017a\u0107 nazwisko prowadz\u0105cego lub nawet brak jest takiej informacji a to klucz do dobrego kursu.<\/p>\n\n\n\n<p>Pawe\u0142 Sulatycki<\/p>\n\n\n\n<p><strong>Harmonogram kursu I<\/strong><\/p>\n\n\n\n<p><strong>1. Zagadnienia techniczne fotografii<\/strong><\/p>\n\n\n\n<ul class=\"wp-block-list\">\n<li>funkcje aparatu fotograficznego<\/li>\n\n\n\n<li>jak dzia\u0142a \u015bwiat\u0142omierz,<\/li>\n\n\n\n<li>jak dzia\u0142a iso czu\u0142o\u015b\u0107,<\/li>\n\n\n\n<li>przys\u0142ona i jej zastosowanie w fotografii ,<\/li>\n\n\n\n<li>migawka i jej zastosowanie w fotografii,<\/li>\n\n\n\n<li>formaty zapisu cyfrowego, oraz histogram,<\/li>\n\n\n\n<li>balans bieli, programy tematyczne, fotografia wg. wzorca, dominanta.<\/li>\n\n\n\n<li>ekwiwalent ogniskowej, ogniskowa i rodzaje obiektyw\u00f3w, rodzaje stabilizacji obrazu<\/li>\n\n\n\n<li>rodzaje matryc i ich zastosowanie w fotografii<\/li>\n\n\n\n<li>podstawowe zagadnienia jak kontrast, \u015bwiat\u0142o, g\u0142\u0119bia hiperfokalna, bokeh, softbox itp.<\/li>\n<\/ul>\n\n\n\n<p><strong>2.Studio fotograficzne<\/strong><\/p>\n\n\n\n<ul class=\"wp-block-list\">\n<li>rodzaje o\u015bwietleniai ich charakterystyka<\/li>\n\n\n\n<li>domowe studio fotograficzne<\/li>\n\n\n\n<li>portret studyjny<\/li>\n\n\n\n<li>fotografia bezcieniowa<\/li>\n\n\n\n<li>kompozycja obrazu fotograficznego<\/li>\n\n\n\n<li>z\u0142oty podzia\u0142<\/li>\n\n\n\n<li>rodzaje perspektyw<\/li>\n\n\n\n<li>fotografia kreatywna (wykorzystanie filtr\u00f3w i rzutnika)<\/li>\n<\/ul>\n\n\n\n<p><strong>3. Programy do obr\u00f3bki fotograficznej obs\u0142uga Photoshop Lightroom<\/strong><\/p>\n\n\n\n<ul class=\"wp-block-list\">\n<li>korekta jasno\u015bci, kontrastu, ostro\u015bci, koloru, szumu,<\/li>\n\n\n\n<li>kadrowanie,<\/li>\n\n\n\n<li>retusz fotografii,<\/li>\n\n\n\n<li>\u0142\u0105czenie fotografii (panorama)<\/li>\n<\/ul>\n\n\n\n<p><strong>4. Architektura i krajobraz w fotografii<\/strong><\/p>\n\n\n\n<ul class=\"wp-block-list\">\n<li>kompozycja oraz \u015bwiat\u0142o w architekturze<\/li>\n<\/ul>\n\n\n\n<p><strong>5. Podstawy z historii fotografii<\/strong><\/p>\n\n\n\n<ul class=\"wp-block-list\">\n<li>\u2013 przedstawienie 30 najbardziej znanych fotograf\u00f3w \u015bwiata oraz ich fotografii<\/li>\n<\/ul>\n\n\n\n<p><strong>6. Makrofotografia<\/strong><\/p>\n\n\n\n<ul class=\"wp-block-list\">\n<li>sposoby fotografowania makro<\/li>\n\n\n\n<li>skala odwzorowania<\/li>\n\n\n\n<li>rodzaje obiektyw\u00f3w<\/li>\n\n\n\n<li>rodzaje o\u015bwietlania obiektu<\/li>\n<\/ul>\n\n\n\n<p><strong>7. Fotografia panoramiczna<\/strong><\/p>\n\n\n\n<ul class=\"wp-block-list\">\n<li>jak tworzy\u0107 panoramy<\/li>\n\n\n\n<li>sposoby \u0142\u0105czenia fotografii<\/li>\n\n\n\n<li><\/li>\n<\/ul>\n\n\n\n<p><strong>Harmonogram kursu II<\/strong><\/p>\n\n\n\n<p><strong>1. Lampa b\u0142yskowa- Pawe\u0142 Sulatycki<\/strong><\/p>\n\n\n\n<ul class=\"wp-block-list\">\n<li>jak pracowa\u0107 z lamp\u0105 b\u0142yskow\u0105<\/li>\n\n\n\n<li>zamra\u017canie ruchu, mieszanie \u015bwiat\u0142a zastanego z b\u0142yskowym.<\/li>\n\n\n\n<li>fotografia na I i II kurtyn\u0119<\/li>\n\n\n\n<li>funkcja HSS i fotografia ultra kr\u00f3tka<\/li>\n<\/ul>\n\n\n\n<p><strong>2. Studio fotograficzne- Pawe\u0142 Sulatycki<\/strong><\/p>\n\n\n\n<ul class=\"wp-block-list\">\n<li>fotografia dymu, szk\u0142a, metalu, wody sposoby o\u015bwietlania trudnych powierzchni<\/li>\n\n\n\n<li>rodzaje o\u015bwietlenia i ich charakterystyka<\/li>\n\n\n\n<li>domowe studio fotograficzne o\u015bwietlenie telefonem kom\u00f3rkowym<\/li>\n\n\n\n<li>fotografia bezcieniowa<\/li>\n\n\n\n<li>kompozycja obrazu fotograficznego<\/li>\n\n\n\n<li>portret na d\u0142ugim czasie na\u015bwietlania<\/li>\n\n\n\n<li>wady obiektyw\u00f3w oraz ich rozdzielczo\u015b\u0107 (ostro\u015b\u0107)<\/li>\n<\/ul>\n\n\n\n<p><strong>3. Programy: obs\u0142uga Photoshop- Alicja Ko\u0142odziej<\/strong><\/p>\n\n\n\n<ul class=\"wp-block-list\">\n<li>Photoshop jak retuszowa\u0107 portret- Alicja Ko\u0142odziej<\/li>\n\n\n\n<li>Lightroom zarz\u0105dzanie kolorem, biblioteka, HDR, obr\u00f3bka na przyk\u0142adowych fotografiach- Pawe\u0142 Sulatycki<\/li>\n<\/ul>\n\n\n\n<p><strong>4. Fotografia portretowa- Pawe\u0142 Sulatycki<\/strong><\/p>\n\n\n\n<ul class=\"wp-block-list\">\n<li>Make up fotograficzny- Anna B\u0142a\u017cejewska Gruza<\/li>\n\n\n\n<li>Portret stylizowany, fotografia kreatywna- Jaros\u0142aw Dul\u0119ba<\/li>\n\n\n\n<li>Fotografia analogowa wielkoformatowa- Jaros\u0142aw Dul\u0119ba<\/li>\n<\/ul>\n\n\n\n<p><strong>5. Astrofotografia- Pawe\u0142 Sulatycki i Konrad Czech<\/strong><\/p>\n\n\n\n<ul class=\"wp-block-list\">\n<li>Czym fotografowa\u0107, gdzie i kiedy, jakie ustawienia aparatu. Obr\u00f3bka cyfrowa obrazu.<\/li>\n<\/ul>\n\n\n\n<p><strong>6. Makrofotografia- Pawe\u0142 Sulatycki<\/strong><\/p>\n\n\n\n<ul class=\"wp-block-list\">\n<li>sposoby fotografowania makro<\/li>\n\n\n\n<li>rodzaje obiektyw\u00f3w<\/li>\n\n\n\n<li>rodzaje o\u015bwietlania obiektu<\/li>\n<\/ul>\n\n\n\n<p><strong>7. Fotografia dokumentalna- Pawe\u0142 Sulatycki<\/strong><\/p>\n\n\n\n<ul class=\"wp-block-list\">\n<li>podstawowe b\u0142\u0119dy w fotografii<\/li>\n\n\n\n<li>sposoby kadrowania<\/li>\n<\/ul>\n\n\n\n<p><strong>Przewidziane plenery wyjazdowe: Park Mu\u017cakowski, Drezno, Plener nocny Cigacice<\/strong><\/p>\n","protected":false},"excerpt":{"rendered":"<p>Oferta Najbli\u017cszy kurs rozpoczyna si\u0119 16 marca 2026 o godz. 18.30 Oferujemy 10% zni\u017cki dla tych co zapisz\u0105 si\u0119 w dwie osoby.\u00a0Czas trwania kursu:\u00a0dzia\u0142amy semestrami\u00a0raz w tygodniu, 90 minut (1,5 godziny), oko\u0142o 20 spotka\u0144.\u00a0Podczas trwania kursu pr\u00f3cz co tygodniowych zaj\u0119\u0107 odbywaj\u0105 si\u0119 co najmniej trzy wcze\u015bniej ustalone wyjazdowe plenery. Ka\u017cde zaj\u0119cia fotograficzne to przede wszystkim [&hellip;]<\/p>\n","protected":false},"author":1,"featured_media":10,"parent":0,"menu_order":0,"comment_status":"closed","ping_status":"closed","template":"","meta":{"footnotes":""},"class_list":["post-15","page","type-page","status-publish","has-post-thumbnail","hentry"],"_links":{"self":[{"href":"https:\/\/akademiadlaciebie.pl\/index.php?rest_route=\/wp\/v2\/pages\/15","targetHints":{"allow":["GET"]}}],"collection":[{"href":"https:\/\/akademiadlaciebie.pl\/index.php?rest_route=\/wp\/v2\/pages"}],"about":[{"href":"https:\/\/akademiadlaciebie.pl\/index.php?rest_route=\/wp\/v2\/types\/page"}],"author":[{"embeddable":true,"href":"https:\/\/akademiadlaciebie.pl\/index.php?rest_route=\/wp\/v2\/users\/1"}],"replies":[{"embeddable":true,"href":"https:\/\/akademiadlaciebie.pl\/index.php?rest_route=%2Fwp%2Fv2%2Fcomments&post=15"}],"version-history":[{"count":6,"href":"https:\/\/akademiadlaciebie.pl\/index.php?rest_route=\/wp\/v2\/pages\/15\/revisions"}],"predecessor-version":[{"id":74,"href":"https:\/\/akademiadlaciebie.pl\/index.php?rest_route=\/wp\/v2\/pages\/15\/revisions\/74"}],"wp:featuredmedia":[{"embeddable":true,"href":"https:\/\/akademiadlaciebie.pl\/index.php?rest_route=\/wp\/v2\/media\/10"}],"wp:attachment":[{"href":"https:\/\/akademiadlaciebie.pl\/index.php?rest_route=%2Fwp%2Fv2%2Fmedia&parent=15"}],"curies":[{"name":"wp","href":"https:\/\/api.w.org\/{rel}","templated":true}]}}