{"id":20,"date":"2024-09-11T06:45:10","date_gmt":"2024-09-11T06:45:10","guid":{"rendered":"https:\/\/akademiadlaciebie.pl\/?page_id=20"},"modified":"2024-10-04T07:06:56","modified_gmt":"2024-10-04T07:06:56","slug":"instruktorzy","status":"publish","type":"page","link":"https:\/\/akademiadlaciebie.pl\/?page_id=20","title":{"rendered":"Instruktorzy"},"content":{"rendered":"\n<p><img loading=\"lazy\" decoding=\"async\" width=\"150\" height=\"150\" class=\"wp-image-21\" style=\"width: 150px;\" src=\"https:\/\/akademiadlaciebie.pl\/wp-content\/uploads\/2024\/09\/Pawel-Sulatycki.jpg\" alt=\"\" srcset=\"https:\/\/akademiadlaciebie.pl\/wp-content\/uploads\/2024\/09\/Pawel-Sulatycki.jpg 960w, https:\/\/akademiadlaciebie.pl\/wp-content\/uploads\/2024\/09\/Pawel-Sulatycki-300x300.jpg 300w, https:\/\/akademiadlaciebie.pl\/wp-content\/uploads\/2024\/09\/Pawel-Sulatycki-150x150.jpg 150w, https:\/\/akademiadlaciebie.pl\/wp-content\/uploads\/2024\/09\/Pawel-Sulatycki-768x768.jpg 768w\" sizes=\"auto, (max-width: 150px) 100vw, 150px\" \/>  <strong>Pawe\u0142 Sulatycki<\/strong>&nbsp;\u2013 absolwent wy\u017cszego studium fotografii w Jeleniej G\u00f3rze (wyk\u0142. Wojciech Zawadzki, A. Pytli\u0144ski, A. Sobota), absolwent Uniwersytetu Zielonog\u00f3rskiego malarstwo \u2013 specjalizacja fotografia (wyk\u0142. prof. zw. Jan Gawron, Leszek Krutulski). Fotograf w zawodzie od 14 lat. Jego prace publikowane by\u0142y w wielu mediach. Autor wystawy \u201eRuiny budowli sakralnych\u201d w Muzeum Ziemi Lubuskiej, wystawy \u201ePortret aktor\u00f3w\u201d w Teatrze Lubuskim, \u201e\u015alady ludzi\u201d. W roku studenckim 2016\/17 wyk\u0142adowca fotografii cyfrowej Uniwersytetu Zielonog\u00f3rskiego na kierunku animacji i kultury specjalno\u015b\u0107 fotografia. Od 2014 do 2018 prezes Zielonog\u00f3rskiego Towarzystwa Fotograficznego.<\/p>\n\n\n\n<p><\/p>\n\n\n\n<p><img loading=\"lazy\" decoding=\"async\" width=\"150\" height=\"151\" class=\"wp-image-31\" style=\"width: 150px;\" src=\"https:\/\/akademiadlaciebie.pl\/wp-content\/uploads\/2024\/09\/Malgorzata-Chomont.jpg\" alt=\"\" srcset=\"https:\/\/akademiadlaciebie.pl\/wp-content\/uploads\/2024\/09\/Malgorzata-Chomont.jpg 283w, https:\/\/akademiadlaciebie.pl\/wp-content\/uploads\/2024\/09\/Malgorzata-Chomont-150x150.jpg 150w\" sizes=\"auto, (max-width: 150px) 100vw, 150px\" \/>  <strong>Ma\u0142gorzata Chomont<\/strong>&nbsp;\u2013 Fotografuje g\u0142\u00f3wnie krajobraz, cho\u0107 bardzo cz\u0119sto w moich kadrach mo\u017cna zobaczy\u0107 t\u0119tni\u0105ce \u017cycie miasta, jego klimatyczne zau\u0142ki. Wi\u0119kszo\u015b\u0107 wolnych chwil przeznaczam na plenery, w kt\u00f3rych odpoczywam fotografuj\u0105c otaczaj\u0105cy krajobraz. To w\u0142a\u015bnie umi\u0142owanie przyrody, podziw dla pi\u0119kna otaczaj\u0105cego \u015bwiata sprawi\u0142, \u017ce wybra\u0142am pejza\u017c jako swoj\u0105 drog\u0119 fotografii. Jestem wsp\u00f3\u0142za\u0142o\u017cycielem i cz\u0142onkiem Zielonog\u00f3rskiego Towarzystwa Fotograficznego (ZTF). W ramach ZTF jestem liderem Zespo\u0142u Tw\u00f3rczego KRAJOBRAZ. Dzia\u0142aj\u0105c aktywnie w Zespole organizuj\u0119 plenery fotograficzne i wystawy poplenerowe. W Warszawie prowadz\u0119 spotkania fotograficzne, kt\u00f3rych tematem jest fotografia krajobrazu.<\/p>\n\n\n\n<p>Zapraszam do mojej galerii:\u00a0<a href=\"https:\/\/fotoesej.com.pl\/\">www.fotoesej.com.pl<\/a><\/p>\n\n\n\n<p><\/p>\n","protected":false},"excerpt":{"rendered":"<p>Pawe\u0142 Sulatycki&nbsp;\u2013 absolwent wy\u017cszego studium fotografii w Jeleniej G\u00f3rze (wyk\u0142. Wojciech Zawadzki, A. Pytli\u0144ski, A. Sobota), absolwent Uniwersytetu Zielonog\u00f3rskiego malarstwo \u2013 specjalizacja fotografia (wyk\u0142. prof. zw. Jan Gawron, Leszek Krutulski). Fotograf w zawodzie od 14 lat. Jego prace publikowane by\u0142y w wielu mediach. Autor wystawy \u201eRuiny budowli sakralnych\u201d w Muzeum Ziemi Lubuskiej, wystawy \u201ePortret aktor\u00f3w\u201d [&hellip;]<\/p>\n","protected":false},"author":1,"featured_media":0,"parent":0,"menu_order":0,"comment_status":"closed","ping_status":"closed","template":"","meta":{"footnotes":""},"class_list":["post-20","page","type-page","status-publish","hentry"],"_links":{"self":[{"href":"https:\/\/akademiadlaciebie.pl\/index.php?rest_route=\/wp\/v2\/pages\/20","targetHints":{"allow":["GET"]}}],"collection":[{"href":"https:\/\/akademiadlaciebie.pl\/index.php?rest_route=\/wp\/v2\/pages"}],"about":[{"href":"https:\/\/akademiadlaciebie.pl\/index.php?rest_route=\/wp\/v2\/types\/page"}],"author":[{"embeddable":true,"href":"https:\/\/akademiadlaciebie.pl\/index.php?rest_route=\/wp\/v2\/users\/1"}],"replies":[{"embeddable":true,"href":"https:\/\/akademiadlaciebie.pl\/index.php?rest_route=%2Fwp%2Fv2%2Fcomments&post=20"}],"version-history":[{"count":3,"href":"https:\/\/akademiadlaciebie.pl\/index.php?rest_route=\/wp\/v2\/pages\/20\/revisions"}],"predecessor-version":[{"id":57,"href":"https:\/\/akademiadlaciebie.pl\/index.php?rest_route=\/wp\/v2\/pages\/20\/revisions\/57"}],"wp:attachment":[{"href":"https:\/\/akademiadlaciebie.pl\/index.php?rest_route=%2Fwp%2Fv2%2Fmedia&parent=20"}],"curies":[{"name":"wp","href":"https:\/\/api.w.org\/{rel}","templated":true}]}}